{"id":2455,"date":"2015-02-22T14:31:33","date_gmt":"2012-03-01T13:27:16","guid":{"rendered":"http:\/\/themes.devatic.com\/daisho\/?page_id=2"},"modified":"2017-05-02T17:00:43","modified_gmt":"2017-05-02T17:00:43","slug":"services","status":"publish","type":"page","link":"https:\/\/douzedouze.fr\/wordpress\/services\/","title":{"rendered":"Nos Activit\u00e9s"},"content":{"rendered":"<p>Douze Douze a g\u00e9n\u00e9r\u00e9 ou particip\u00e9 \u00e0 la cr\u00e9ation d\u2019\u00e9v\u00e8nements artistiques, tels que le festival Kosmopolite, la Villette Street Festival, de nombreuses expositions de groupes, et d\u2019actions dans l\u2019espace publique. De ces exp\u00e9riences, nous avons tir\u00e9 un savoir faire renfor\u00e7ant nos comp\u00e9tences en mati\u00e8re de consulting et de direction artistique, sur des \u00e9v\u00e8nements similaires ou exp\u00e9rimentaux au service d\u2019institutions culturelles ou d\u2019agences de communication \u2013 la cr\u00e9ation \u00e9tant toujours au c\u0153ur de la rencontre.<\/p>\n<div class=\"grid_4 content-block\" data-arrows-top-position=\"120px\"><div class=\"cb-date\"><\/div><div class=\"cb-title\" >AKRylonum\u00e9rik<\/div><div class=\"cb-content\"><p><img decoding=\"async\" src=\"http:\/\/douzedouze.fr\/wordpress\/wp-content\/uploads\/2014\/07\/akrylonumerik.png\" alt=\"\" \/><\/p>\n<p>AKRylonum\u00e9rik est une performance multim\u00e9dia live, mais aussi un collectif d\u2019artistes connu sous le nom AKR.<\/p>\n<p>Croisement unique et exp\u00e9rimental entre trois m\u00e9diums habituellement s\u00e9par\u00e9s \u2013 musique, peinture, et technologie num\u00e9rique \u2013, nos repr\u00e9sentations live balayent un large spectre d\u2019expressions contemporaines pour un r\u00e9sultat toujours in\u00e9dit. Une exp\u00e9rience hybride o\u00f9 les artistes explorent le rapport entre la cr\u00e9ation, la mati\u00e8re et la temporalit\u00e9.<\/p>\n<p><b>R\u00e9alisations<\/b><br \/>\nFondation Cartier (Paris, 2009)<br \/>\nMus\u00e9e Pergame (Berlin, 2012)<br \/>\nNuit Blanche (Paris, 2012)<br \/>\nEt 20 l&#8217;\u00e9t\u00e9 (Paris, 2015)<br \/>\nYes week&#8217;elles (Meaux, 2015)<br \/>\n<\/p><\/div><\/div>\n<div class=\"grid_4 content-block\" data-arrows-top-position=\"120px\"><div class=\"cb-date\"><\/div><div class=\"cb-title\" >Art'Chive<\/div><div class=\"cb-content\"><p> <img decoding=\"async\" src=\"http:\/\/douzedouze.fr\/wordpress\/wp-content\/uploads\/2014\/07\/place_holder_400x300_00a3db.jpg\" alt=\"\" \/><\/p>\n<p>Nous r\u00e9alisons depuis 2010 de nombreuses sc\u00e9nographies num\u00e9riques ainsi que des contenus tactiles enti\u00e8rement sur mesure pour de nombreux partenaires en France.\u2028 Que ce soit au travers de la cartographie urbaine d\u2019\u0153uvres r\u00e9alis\u00e9es \u00ab in situ \u00bb ou encore l\u2019offre de transports en commun dans une ville sp\u00e9cifique, nous cr\u00e9ons un contenu num\u00e9rique totalement adapt\u00e9 \u00e0 la demande.<br \/>\n<br \/>\nLa restitution se fait sur des tables multitouch ou bien des murs tactiles dans une sc\u00e9nographie ludique et adapt\u00e9e \u00e0 chaque circonstance.<br \/>\n<br \/>\nCes contenus peuvent \u00e9galement \u00eatre int\u00e9gr\u00e9s dans les r\u00e9seaux sociaux, sous forme de Feed RSS, de photos ou bien de clips.<br \/>\n<\/p><\/div><\/div>\n<div class=\"grid_4 content-block\" data-arrows-top-position=\"120px\"><div class=\"cb-date\"><\/div><div class=\"cb-title\" >Ateliers<\/div><div class=\"cb-content\"><p><img decoding=\"async\" src=\"http:\/\/douzedouze.fr\/wordpress\/wp-content\/uploads\/2014\/07\/workshops.jpg\" alt=\"\" \/><\/p>\n<p>Nous conceptualisons et r\u00e9alisons des ateliers de cr\u00e9ation et d\u2019\u00e9changes \u00e0 destination des publics, avec \u00e0 c\u0153ur l\u2019id\u00e9e de transmettre et partager des savoirs faire cr\u00e9atifs.<\/p>\n<p>Notre principe\u00a0:<br \/>\n<b>\u00ab\u00a0rencontrer, comprendre et faire\u00a0\u00bb.<\/b><\/p>\n<p>Aujourd\u2019hui techniques, technologies et savoirs se rencontrent et se partagent, mais encore faut-il pour cela cr\u00e9er le contexte de ce partage. Nous facilitons et favorisons \u00e0 travers nos actions ces rencontres. Nos projets mettent en valeur l\u2019humain et la mati\u00e8re, qu\u2019elle soit dite noble, pauvre ou num\u00e9rique.<br \/>\n<\/p><\/div><\/div>\n<div class=\"grid_4 content-block\" data-arrows-top-position=\"120px\"><div class=\"cb-date\"><\/div><div class=\"cb-title\" >Curatorial<\/div><div class=\"cb-content\"><p><img decoding=\"async\" src=\"http:\/\/douzedouze.fr\/wordpress\/wp-content\/uploads\/2015\/02\/place_holder_400x300_99ff99.jpg\" alt=\"\" \/><\/p>\n<p>L\u2019association Douze Douze s\u2019occupe de l\u2019organisation d\u2019expositions th\u00e9matiques.<br \/>\nDe par son exp\u00e9rience et ses nombreux contacts notamment dans l\u2019univers du street art, elle suit et oriente les artistes rencontr\u00e9s, ou les institutions qui en font la demande ou la commandent. Nous trouvons, regroupons, organisons et partageons le contenu artistique le plus pertinent sur un sujet sp\u00e9cifique au travers d\u2019expositions, personnelles ou collectives, th\u00e9matiques.<\/p>\n<p><b>R\u00e9alisations<\/b><br \/>\nNow Future (2012, Anglet)<br \/>\nExpo Nomade (2013, Bagnolet)<br \/>\nChili : Graffiti &amp; Street Art (2013, Biarritz)<br \/>\nWe Art Urban (2015, Lagny sur Marne)<br \/>\n<\/p><\/div><\/div>\n","protected":false},"excerpt":{"rendered":"<p>Douze Douze a g\u00e9n\u00e9r\u00e9 ou particip\u00e9 \u00e0 la cr\u00e9ation d\u2019\u00e9v\u00e8nements artistiques, tels que le festival Kosmopolite, la Villette Street Festival, de nombreuses expositions de groupes, et d\u2019actions dans l\u2019espace publique. De ces exp\u00e9riences, nous avons tir\u00e9 un savoir faire renfor\u00e7ant nos comp\u00e9tences en mati\u00e8re de consulting et de direction artistique, sur des \u00e9v\u00e8nements similaires ou exp\u00e9rimentaux au service d\u2019institutions culturelles ou d\u2019agences de communication \u2013 la cr\u00e9ation \u00e9tant toujours au c\u0153ur de la rencontre.<\/p>\n","protected":false},"author":1,"featured_media":0,"parent":0,"menu_order":2,"comment_status":"closed","ping_status":"closed","template":"","meta":[],"_links":{"self":[{"href":"https:\/\/douzedouze.fr\/wordpress\/wp-json\/wp\/v2\/pages\/2455"}],"collection":[{"href":"https:\/\/douzedouze.fr\/wordpress\/wp-json\/wp\/v2\/pages"}],"about":[{"href":"https:\/\/douzedouze.fr\/wordpress\/wp-json\/wp\/v2\/types\/page"}],"author":[{"embeddable":true,"href":"https:\/\/douzedouze.fr\/wordpress\/wp-json\/wp\/v2\/users\/1"}],"replies":[{"embeddable":true,"href":"https:\/\/douzedouze.fr\/wordpress\/wp-json\/wp\/v2\/comments?post=2455"}],"version-history":[{"count":96,"href":"https:\/\/douzedouze.fr\/wordpress\/wp-json\/wp\/v2\/pages\/2455\/revisions"}],"predecessor-version":[{"id":6246,"href":"https:\/\/douzedouze.fr\/wordpress\/wp-json\/wp\/v2\/pages\/2455\/revisions\/6246"}],"wp:attachment":[{"href":"https:\/\/douzedouze.fr\/wordpress\/wp-json\/wp\/v2\/media?parent=2455"}],"curies":[{"name":"wp","href":"https:\/\/api.w.org\/{rel}","templated":true}]}}