{"id":3889,"date":"2015-02-22T14:26:20","date_gmt":"2012-08-29T11:34:00","guid":{"rendered":"http:\/\/themes.devatic.com\/daisho\/?page_id=3889"},"modified":"2020-10-02T06:08:27","modified_gmt":"2020-10-02T06:08:27","slug":"qui-sommes-nous","status":"publish","type":"page","link":"https:\/\/douzedouze.fr\/wordpress\/qui-sommes-nous\/","title":{"rendered":"Qui sommes &#8211; nous?"},"content":{"rendered":"<div class=\"grid_1\"><\/div>\n<div style=\"font-size: 125%;\">\n<div class=\"grid_10\">\n<p><a href=\"http:\/\/www.ville-bagnolet.fr\" target=\"_blank\" rel=\"noopener noreferrer\"><img decoding=\"async\" loading=\"lazy\" class=\"alignnone wp-image-6201\" src=\"http:\/\/douzedouze.fr\/wordpress\/wp-content\/uploads\/2017\/03\/Bagno-logo-123.jpg\" alt=\"\" width=\"38\" height=\"60\"><\/a>&nbsp;<a href=\"http:\/\/www.est-ensemble.fr\" target=\"_blank\" rel=\"noopener noreferrer\"><img decoding=\"async\" loading=\"lazy\" class=\"alignnone wp-image-6206\" src=\"http:\/\/douzedouze.fr\/wordpress\/wp-content\/uploads\/2017\/03\/logo_agglo_est_ensemble.jpg.gif\" alt=\"\" width=\"196\" height=\"60\"><\/a> <a href=\"http:\/\/www.cget.gouv.fr\" target=\"_blank\" rel=\"noopener noreferrer\"><img decoding=\"async\" loading=\"lazy\" class=\"alignnone wp-image-6202\" src=\"http:\/\/douzedouze.fr\/wordpress\/wp-content\/uploads\/2017\/03\/logo-cget.gif\" alt=\"\" width=\"98\" height=\"60\"><\/a> <a href=\"http:\/\/www.culturecommunication.gouv.fr\/Regions\/Drac-Ile-de-France\" target=\"_blank\" rel=\"noopener noreferrer\"><img decoding=\"async\" loading=\"lazy\" class=\"alignnone wp-image-6203\" src=\"http:\/\/douzedouze.fr\/wordpress\/wp-content\/uploads\/2017\/03\/Logo_Drac_IDF.jpg\" alt=\"\" width=\"179\" height=\"60\" srcset=\"https:\/\/douzedouze.fr\/wordpress\/wp-content\/uploads\/2017\/03\/Logo_Drac_IDF.jpg 566w, https:\/\/douzedouze.fr\/wordpress\/wp-content\/uploads\/2017\/03\/Logo_Drac_IDF-300x101.jpg 300w\" sizes=\"(max-width: 179px) 100vw, 179px\" \/><\/a>&nbsp;&nbsp;<a href=\"http:\/\/www.lefranc-bourgeois.com\" target=\"_blank\" rel=\"noopener noreferrer\"><img decoding=\"async\" loading=\"lazy\" class=\"alignnone wp-image-6229\" src=\"http:\/\/douzedouze.fr\/wordpress\/wp-content\/uploads\/2017\/03\/82171874_o.jpg\" alt=\"\" width=\"55\" height=\"60\"><\/a><\/p>\n<h2>Un bref historique de Douze Douze<\/h2>\n<\/div>\n<div class=\"grid_1 last\"><\/div>\n<\/div>\n<div style=\"font-size: 112.5%;\">\n<div class=\"grid_1\"><\/div>\n<div class=\"grid_5\">\n<p><strong>L\u2019association Douze Douze<\/strong> a \u00e9t\u00e9 cr\u00e9e en 1995, et est \u00e0 l\u2019initiative, avec l\u2019association MAC, du festival d\u2019art urbain Kosmopolite (2001-2008).<\/p>\n<p>Elle regroupe des artistes plasticiens, dont les liens avec les arts urbains et les technologies multim\u00e9dia enrichissent les projets et les r\u00e9flexions. Individuels ou collectifs, ces projets m\u00e9langent les supports d\u2019expression&nbsp;: performances, dispositifs interactifs, installations, expositions, ateliers cr\u00e9atifs, etc.<\/p>\n<h2>Nos artistes<\/h2>\n<p><a href=\"https:\/\/www.instagram.com\/13_bis\/\" target=\"_blank\" rel=\"noopener noreferrer\"><br \/>\n<img decoding=\"async\" loading=\"lazy\" src=\"http:\/\/douzedouze.fr\/wordpress\/wp-content\/uploads\/2020\/08\/13-BIS-Douze-Douze.jpg\" alt=\"\" width=\"200\" height=\"200\" align=\"right\"><br \/>\n<\/a><br \/>\n<strong>13 Bis<\/strong><br \/>\nN\u00e9 en 1920<br \/>\nArtiste Collagiste<\/p>\n<p><a href=\"https:\/\/www.instagram.com\/gilbertpetit\/\" target=\"_blank\" rel=\"noopener noreferrer\"><br \/>\n<img decoding=\"async\" loading=\"lazy\" src=\"http:\/\/douzedouze.fr\/wordpress\/wp-content\/uploads\/2020\/08\/Gilbert-Petit-Douze-Douze.jpg\" alt=\"\" width=\"200\" height=\"200\" align=\"right\"><br \/>\n<\/a><br \/>\n<strong>Gilbert Petit<\/strong><br \/>\nN\u00e9 en 1971<br \/>\nArtiste<br \/>\nPr\u00e9sident de Douze Douze<\/p>\n<p><a href=\"https:\/\/www.instagram.com\/juanshak\/\" target=\"_blank\" rel=\"noopener noreferrer\"><br \/>\n<img decoding=\"async\" loading=\"lazy\" src=\"http:\/\/douzedouze.fr\/wordpress\/wp-content\/uploads\/2020\/08\/Juan-BIS-Douze-Douze.jpg\" alt=\"\" width=\"200\" height=\"200\" align=\"right\"><br \/>\n<\/a><br \/>\n<strong>Juan Chacon<\/strong><br \/>\nN\u00e9 en 1969<br \/>\nGraffeur et Peintre<\/p>\n<\/div>\n<div class=\"grid_5\">\n<p><strong>L\u2019art contemporain<\/strong> est le fruit d\u2019une r\u00e9flexion globale et locale sur la culture et la soci\u00e9t\u00e9, enrichissant notre quotidien.<\/p>\n<p>Notre vocation d\u2019artistes nous encourage \u00e0 partager et construire avec les publics, \u00e0 les accompagner d\u2019une posture de spectateur vers celle d\u2019acteur \u2013 une gymnastique sous-jacente \u00e0 nos propres pratiques artistiques.<br \/>\n<img decoding=\"async\" loading=\"lazy\" src=\"http:\/\/douzedouze.fr\/wordpress\/wp-content\/uploads\/2020\/08\/holder200x200.jpg\" alt=\"\" width=\"200\" height=\"200\" align=\"\"><\/p>\n<p><a href=\"https:\/\/www.instagram.com\/clairecourdavault\/\" target=\"_blank\" rel=\"noopener noreferrer\"><br \/>\n<img decoding=\"async\" loading=\"lazy\" src=\"http:\/\/douzedouze.fr\/wordpress\/wp-content\/uploads\/2020\/08\/Claire-Courdavault-Douze-Douze.jpg\" alt=\"\" width=\"200\" height=\"200\" align=\"right\"><br \/>\n<\/a><br \/>\n<strong>Claire Courdavault<\/strong><br \/>\nN\u00e9 en 1986<br \/>\nArtiste Visuelle<\/p>\n<p><a href=\"https:\/\/www.instagram.com\/jbc_urbanart\/\" target=\"_blank\" rel=\"noopener noreferrer\"><br \/>\n<img decoding=\"async\" loading=\"lazy\" src=\"http:\/\/douzedouze.fr\/wordpress\/wp-content\/uploads\/2020\/08\/JBC-Douze-Douze.jpg\" alt=\"\" width=\"200\" height=\"200\" align=\"right\"><br \/>\n<\/a><br \/>\n<strong>JBC<\/strong><br \/>\nN\u00e9 en 1979<br \/>\nArtiste Peintre<\/p>\n<p><a href=\"https:\/\/www.instagram.com\/myre_nick\/\" target=\"_blank\" rel=\"noopener noreferrer\"><br \/>\n<img decoding=\"async\" loading=\"lazy\" src=\"http:\/\/douzedouze.fr\/wordpress\/wp-content\/uploads\/2020\/08\/Myre-Nick_Torgoff-Douze-Douze.jpg\" alt=\"\" width=\"200\" height=\"200\" align=\"right\"><br \/>\n<\/a><br \/>\n<strong>Nick Torgoff<\/strong><br \/>\nN\u00e9 en 1976<br \/>\nGraffeur et Peintre<\/p>\n<\/div>\n<\/div>\n","protected":false},"excerpt":{"rendered":"<p>&nbsp; &nbsp;&nbsp; Un bref historique de Douze Douze L\u2019association Douze Douze a \u00e9t\u00e9 cr\u00e9e en 1995, et est \u00e0 l\u2019initiative, avec l\u2019association MAC, du festival d\u2019art urbain Kosmopolite (2001-2008). Elle regroupe des artistes plasticiens, dont les liens avec les arts urbains et les technologies multim\u00e9dia enrichissent les projets et les r\u00e9flexions. Individuels ou collectifs, ces projets m\u00e9langent les supports d\u2019expression&nbsp;: performances, dispositifs interactifs, installations, expositions, ateliers cr\u00e9atifs, etc. Nos artistes 13 Bis N\u00e9 en 1920 Artiste Collagiste Gilbert Petit N\u00e9&#8230;<\/p>\n","protected":false},"author":1,"featured_media":0,"parent":0,"menu_order":1,"comment_status":"closed","ping_status":"closed","template":"","meta":[],"_links":{"self":[{"href":"https:\/\/douzedouze.fr\/wordpress\/wp-json\/wp\/v2\/pages\/3889"}],"collection":[{"href":"https:\/\/douzedouze.fr\/wordpress\/wp-json\/wp\/v2\/pages"}],"about":[{"href":"https:\/\/douzedouze.fr\/wordpress\/wp-json\/wp\/v2\/types\/page"}],"author":[{"embeddable":true,"href":"https:\/\/douzedouze.fr\/wordpress\/wp-json\/wp\/v2\/users\/1"}],"replies":[{"embeddable":true,"href":"https:\/\/douzedouze.fr\/wordpress\/wp-json\/wp\/v2\/comments?post=3889"}],"version-history":[{"count":152,"href":"https:\/\/douzedouze.fr\/wordpress\/wp-json\/wp\/v2\/pages\/3889\/revisions"}],"predecessor-version":[{"id":6693,"href":"https:\/\/douzedouze.fr\/wordpress\/wp-json\/wp\/v2\/pages\/3889\/revisions\/6693"}],"wp:attachment":[{"href":"https:\/\/douzedouze.fr\/wordpress\/wp-json\/wp\/v2\/media?parent=3889"}],"curies":[{"name":"wp","href":"https:\/\/api.w.org\/{rel}","templated":true}]}}